{"id":447,"date":"2018-03-07T14:08:10","date_gmt":"2018-03-07T14:08:10","guid":{"rendered":"http:\/\/tmp.bestebakken.no\/?page_id=447"},"modified":"2019-03-12T13:15:42","modified_gmt":"2019-03-12T12:15:42","slug":"aktiviteter","status":"publish","type":"page","link":"https:\/\/www.bestebakken.no\/en\/aktiviteter\/","title":{"rendered":"Activities"},"content":{"rendered":"<p>Under ditt opphold p\u00e5 BesteBakken kan du velge blant mer enn 70 ulike aktivitetar. Aktivitetene foreg\u00e5r p\u00e5 BesteBakken og i n\u00e6romr\u00e5det. Menneskene du m\u00f8ter er lokalkjente og trivelige ambassad\u00f8rer for det tradisjonelle og det moderne norske bygdesamfunn.<\/p>\n","protected":false},"excerpt":{"rendered":"<p>Under ditt opphold p\u00e5 BesteBakken kan du velge blant mer enn 70 ulike aktivitetar. Aktivitetene foreg\u00e5r p\u00e5 BesteBakken og i n\u00e6romr\u00e5det. Menneskene du m\u00f8ter er lokalkjente og trivelige ambassad\u00f8rer for det tradisjonelle og det moderne norske bygdesamfunn.<\/p>\n","protected":false},"author":1,"featured_media":1159,"parent":0,"menu_order":0,"comment_status":"closed","ping_status":"closed","template":"","meta":[],"yoast_head":"<!-- This site is optimized with the Yoast SEO plugin v17.1 - https:\/\/yoast.com\/wordpress\/plugins\/seo\/ -->\n<title>Activities - BesteBakken<\/title>\n<meta name=\"robots\" content=\"noindex, follow, max-snippet:-1, max-image-preview:large, max-video-preview:-1\" \/>\n<meta property=\"og:locale\" content=\"en_US\" \/>\n<meta property=\"og:type\" content=\"article\" \/>\n<meta property=\"og:title\" content=\"Activities - BesteBakken\" \/>\n<meta property=\"og:description\" content=\"Under ditt opphold p\u00e5 BesteBakken kan du velge blant mer enn 70 ulike aktivitetar. Aktivitetene foreg\u00e5r p\u00e5 BesteBakken og i n\u00e6romr\u00e5det. Menneskene du m\u00f8ter er lokalkjente og trivelige ambassad\u00f8rer for det tradisjonelle og det moderne norske bygdesamfunn.\" \/>\n<meta property=\"og:url\" content=\"https:\/\/www.bestebakken.no\/en\/aktiviteter\/\" \/>\n<meta property=\"og:site_name\" content=\"BesteBakken\" \/>\n<meta property=\"article:modified_time\" content=\"2019-03-12T12:15:42+00:00\" \/>\n<meta property=\"og:image\" content=\"https:\/\/www.bestebakken.no\/wp-content\/uploads\/2021\/01\/anbefalt-resk-Bestebakken-1010174-kopi.jpg\" \/>\n\t<meta property=\"og:image:width\" content=\"2094\" \/>\n\t<meta property=\"og:image:height\" content=\"1314\" \/>\n<meta name=\"twitter:card\" content=\"summary_large_image\" \/>\n<script type=\"application\/ld+json\" class=\"yoast-schema-graph\">{\"@context\":\"https:\/\/schema.org\",\"@graph\":[{\"@type\":\"WebSite\",\"@id\":\"https:\/\/www.bestebakken.no\/#website\",\"url\":\"https:\/\/www.bestebakken.no\/\",\"name\":\"BesteBakken\",\"description\":\"\",\"potentialAction\":[{\"@type\":\"SearchAction\",\"target\":{\"@type\":\"EntryPoint\",\"urlTemplate\":\"https:\/\/www.bestebakken.no\/?s={search_term_string}\"},\"query-input\":\"required name=search_term_string\"}],\"inLanguage\":\"en-US\"},{\"@type\":\"ImageObject\",\"@id\":\"https:\/\/www.bestebakken.no\/en\/aktiviteter\/#primaryimage\",\"inLanguage\":\"en-US\",\"url\":\"https:\/\/www.bestebakken.no\/wp-content\/uploads\/2021\/01\/anbefalt-resk-Bestebakken-1010174-kopi.jpg\",\"contentUrl\":\"https:\/\/www.bestebakken.no\/wp-content\/uploads\/2021\/01\/anbefalt-resk-Bestebakken-1010174-kopi.jpg\",\"width\":2094,\"height\":1314},{\"@type\":\"WebPage\",\"@id\":\"https:\/\/www.bestebakken.no\/en\/aktiviteter\/#webpage\",\"url\":\"https:\/\/www.bestebakken.no\/en\/aktiviteter\/\",\"name\":\"Activities - BesteBakken\",\"isPartOf\":{\"@id\":\"https:\/\/www.bestebakken.no\/#website\"},\"primaryImageOfPage\":{\"@id\":\"https:\/\/www.bestebakken.no\/en\/aktiviteter\/#primaryimage\"},\"datePublished\":\"2018-03-07T14:08:10+00:00\",\"dateModified\":\"2019-03-12T12:15:42+00:00\",\"breadcrumb\":{\"@id\":\"https:\/\/www.bestebakken.no\/en\/aktiviteter\/#breadcrumb\"},\"inLanguage\":\"en-US\",\"potentialAction\":[{\"@type\":\"ReadAction\",\"target\":[\"https:\/\/www.bestebakken.no\/en\/aktiviteter\/\"]}]},{\"@type\":\"BreadcrumbList\",\"@id\":\"https:\/\/www.bestebakken.no\/en\/aktiviteter\/#breadcrumb\",\"itemListElement\":[{\"@type\":\"ListItem\",\"position\":1,\"name\":\"Hjem\",\"item\":\"https:\/\/www.bestebakken.no\/en\/\"},{\"@type\":\"ListItem\",\"position\":2,\"name\":\"Activities\"}]}]}<\/script>\n<!-- \/ Yoast SEO plugin. -->","yoast_head_json":{"title":"Activities - BesteBakken","robots":{"index":"noindex","follow":"follow","max-snippet":"max-snippet:-1","max-image-preview":"max-image-preview:large","max-video-preview":"max-video-preview:-1"},"og_locale":"en_US","og_type":"article","og_title":"Activities - BesteBakken","og_description":"Under ditt opphold p\u00e5 BesteBakken kan du velge blant mer enn 70 ulike aktivitetar. Aktivitetene foreg\u00e5r p\u00e5 BesteBakken og i n\u00e6romr\u00e5det. Menneskene du m\u00f8ter er lokalkjente og trivelige ambassad\u00f8rer for det tradisjonelle og det moderne norske bygdesamfunn.","og_url":"https:\/\/www.bestebakken.no\/en\/aktiviteter\/","og_site_name":"BesteBakken","article_modified_time":"2019-03-12T12:15:42+00:00","og_image":[{"width":2094,"height":1314,"url":"https:\/\/www.bestebakken.no\/wp-content\/uploads\/2021\/01\/anbefalt-resk-Bestebakken-1010174-kopi.jpg","path":"\/srv\/cephfs1\/web\/home\/bestebakken.no\/bestebakken.no\/public_html\/wp-content\/uploads\/2021\/01\/anbefalt-resk-Bestebakken-1010174-kopi.jpg","size":"full","id":1159,"alt":"","pixels":2751516,"type":"image\/jpeg"}],"twitter_card":"summary_large_image","schema":{"@context":"https:\/\/schema.org","@graph":[{"@type":"WebSite","@id":"https:\/\/www.bestebakken.no\/#website","url":"https:\/\/www.bestebakken.no\/","name":"BesteBakken","description":"","potentialAction":[{"@type":"SearchAction","target":{"@type":"EntryPoint","urlTemplate":"https:\/\/www.bestebakken.no\/?s={search_term_string}"},"query-input":"required name=search_term_string"}],"inLanguage":"en-US"},{"@type":"ImageObject","@id":"https:\/\/www.bestebakken.no\/en\/aktiviteter\/#primaryimage","inLanguage":"en-US","url":"https:\/\/www.bestebakken.no\/wp-content\/uploads\/2021\/01\/anbefalt-resk-Bestebakken-1010174-kopi.jpg","contentUrl":"https:\/\/www.bestebakken.no\/wp-content\/uploads\/2021\/01\/anbefalt-resk-Bestebakken-1010174-kopi.jpg","width":2094,"height":1314},{"@type":"WebPage","@id":"https:\/\/www.bestebakken.no\/en\/aktiviteter\/#webpage","url":"https:\/\/www.bestebakken.no\/en\/aktiviteter\/","name":"Activities - BesteBakken","isPartOf":{"@id":"https:\/\/www.bestebakken.no\/#website"},"primaryImageOfPage":{"@id":"https:\/\/www.bestebakken.no\/en\/aktiviteter\/#primaryimage"},"datePublished":"2018-03-07T14:08:10+00:00","dateModified":"2019-03-12T12:15:42+00:00","breadcrumb":{"@id":"https:\/\/www.bestebakken.no\/en\/aktiviteter\/#breadcrumb"},"inLanguage":"en-US","potentialAction":[{"@type":"ReadAction","target":["https:\/\/www.bestebakken.no\/en\/aktiviteter\/"]}]},{"@type":"BreadcrumbList","@id":"https:\/\/www.bestebakken.no\/en\/aktiviteter\/#breadcrumb","itemListElement":[{"@type":"ListItem","position":1,"name":"Hjem","item":"https:\/\/www.bestebakken.no\/en\/"},{"@type":"ListItem","position":2,"name":"Activities"}]}]}},"_links":{"self":[{"href":"https:\/\/www.bestebakken.no\/en\/wp-json\/wp\/v2\/pages\/447\/"}],"collection":[{"href":"https:\/\/www.bestebakken.no\/en\/wp-json\/wp\/v2\/pages\/"}],"about":[{"href":"https:\/\/www.bestebakken.no\/en\/wp-json\/wp\/v2\/types\/page\/"}],"author":[{"embeddable":true,"href":"https:\/\/www.bestebakken.no\/en\/wp-json\/wp\/v2\/users\/1\/"}],"replies":[{"embeddable":true,"href":"https:\/\/www.bestebakken.no\/en\/wp-json\/wp\/v2\/comments\/?post=447"}],"version-history":[{"count":6,"href":"https:\/\/www.bestebakken.no\/en\/wp-json\/wp\/v2\/pages\/447\/revisions\/"}],"predecessor-version":[{"id":642,"href":"https:\/\/www.bestebakken.no\/en\/wp-json\/wp\/v2\/pages\/447\/revisions\/642\/"}],"wp:featuredmedia":[{"embeddable":true,"href":"https:\/\/www.bestebakken.no\/en\/wp-json\/wp\/v2\/media\/1159\/"}],"wp:attachment":[{"href":"https:\/\/www.bestebakken.no\/en\/wp-json\/wp\/v2\/media\/?parent=447"}],"curies":[{"name":"wp","href":"https:\/\/api.w.org\/{rel}","templated":true}]}}